{"id":5476,"date":"2018-05-18T14:20:49","date_gmt":"2018-05-18T12:20:49","guid":{"rendered":"https:\/\/www.orderbird.com\/blog\/?page_id=5476"},"modified":"2023-04-20T11:30:36","modified_gmt":"2023-04-20T09:30:36","slug":"mentions-legales","status":"publish","type":"page","link":"https:\/\/www.orderbird.fr\/blog\/mentions-legales\/","title":{"rendered":"Mentions l\u00e9gales"},"content":{"rendered":"<p><strong>orderbird GmbH<\/strong><\/p>\n<div>Soci\u00e9t\u00e9 allemande \u00e0 responsabilit\u00e9 limit\u00e9e au capital social de 193 963,00 \u20ac<\/div>\n<div><\/div>\n<p><strong>Si\u00e8ge social :<\/strong><br \/>\nRitterstra\u00dfe 12, escalier 3<br \/>\nD-10969 Berlin<br \/>\nAllemagne<\/p>\n<p><strong>E-Mail :<\/strong>\u00a0<a href=\"mailto:bonjour@orderbird.fr\">bonjour@orderbird.<\/a><a href=\"mailto:bonjour@orderbird.com\">com<\/a><br \/>\n<strong>T\u00e9l\u00e9phone :<\/strong>\u00a0<a href=\"tel:+33176360640\">+33 1 76360640<\/a>\u00a0appel gratuit depuis la France<br \/>\n<strong>Fax :<\/strong>\u00a0<a href=\"tel:+4932121468189\">+49 321 214 681 89<\/a><\/p>\n<p><strong>Repr\u00e9sentant l\u00e9gal :<\/strong> Mark Schoen, Jakob Schreyer<\/p>\n<p><strong>Num\u00e9ro d&#8217;inscription au registre du commerce et des soci\u00e9t\u00e9s de Berlin &#8211; Charlottenburg : <\/strong>HRB 248568 B<br \/>\n<strong>N\u00b0 de TVA intracommunautaire :<\/strong>\u00a0DE276722316<br \/>\n<strong>Directeur de publication et de r\u00e9daction :<\/strong> Benjamin Schweiger, c\/o orderbird GmbH, Ritterstra\u00dfe 12, escalier. 3, D-10969 Berlin<\/p>\n<p><strong>Conception et h\u00e9bergement du site :<\/strong><br \/>\n<strong>Conception :<\/strong> Benjamin Schweiger, c\/o orderbird GmbH, Ritterstra\u00dfe 12, escalier 3, D-10969 Berlin<\/p>\n<p><strong>H\u00e9bergement:<\/strong>\u00a0https:\/\/aws.amazon.com<br \/>\nAmazon Web Services, Inc.<br \/>\n410 Terry Avenue North,<br \/>\nSeattle WA 98109, Etats-Unis<br \/>\n<strong>T\u00e9l\u00e9phone:\u00a0<\/strong>+1 206-266-4064<br \/>\n<strong>RCS:<\/strong>\u00a04152954<br \/>\n<strong>N\u00b0 TVA:<\/strong>\u00a0204938068<\/p>\n<p><strong>D\u00e9claration CNIL:\u00a0<\/strong>Ce site a fait l&#8217;objet d&#8217;une d\u00e9claration aupr\u00e8s de la Commission Nationale Informatique et Libertes (CNIL) enregistr\u00e9e sous le num\u00e9ro n\u00b0 2005842.<\/p>\n<p><strong>Donn\u00e9es personnelles<\/strong><\/p>\n<p>Le responsable du traitement des donn\u00e9es \u00e0 caract\u00e8re personnel collect\u00e9es par l&#8217;interm\u00e9diaire de ce site est la soci\u00e9t\u00e9 orderbird GmbH, domicili\u00e9e Ritterstra\u00dfe 12, escalier 4, D-10969 Berlin, Allemagne.<\/p>\n<p>En application des articles du Chapitre V &#8211; Section 2 de la loi n\u00b0 78-17 du 6 janvier 1978 relative \u00e0 l&#8217;informatique, aux fichiers et aux libert\u00e9s, dans sa version modifi\u00e9e par la loi n\u00b0 2004-801 du 4 ao\u00fbt 2004 et notamment aux articles 39 et suivants de ladite loi, les utilisateurs du site ayant saisi des donn\u00e9es \u00e0 caract\u00e8re personnel disposent d&#8217;un droit d&#8217;acc\u00e8s, de rectification, de modification, de suppression ou d&#8217;opposition de ces derni\u00e8res. L&#8217;exercice de ce droit peut intervenir \u00e0 tout moment par simple envoi d&#8217;un courriel \u00e0 l&#8217;adresse suivante\u00a0<a href=\"mailto:bonjour@orderbird.fr\">bonjour@orderbird.fr<\/a>\u00a0ou par courrier postal \u00e0 l&#8217;adresse susmentionn\u00e9e.<\/p>\n<p>Conform\u00e9ment aux dispositions de la loi n\u00b0 78-17 du 6 janvier 1978 relative \u00e0 l&#8217;informatique, aux fichiers et aux libert\u00e9s, dans sa version modifi\u00e9e par la loi n\u00b0 2004-801 du 4 ao\u00fbt 2004, les informations relatives \u00e0 l&#8217;utilisateur du site Internet, enregistr\u00e9es dans le cadre de l&#8217;utilisation dudit site, sont r\u00e9serv\u00e9es aux fins des pr\u00e9sentes et \u00e0 l&#8217;usage exclusif de la soci\u00e9t\u00e9 orderbird GmbH et de ses sous-traitants. Elles ne feront en aucun cas l&#8217;objet d&#8217;une diffusion \u00e0 des tiers. La soci\u00e9t\u00e9 orderbird GmbH s&#8217;engage \u00e0 communiquer une liste actualis\u00e9e de ses sous-traitants sur simple demande \u00e0 l&#8217;adresse <a href=\"mailto:bonjour@orderbird.fr\">bonjour@orderbird.fr<\/a>.<\/p>\n<p><strong>Les destinataires des donn\u00e9es sont :<\/strong><br \/>\n1. les personnes charg\u00e9es du service marketing, du service commercial, des services charg\u00e9s de traiter la relation client et la prospection, des services administratifs, des services informatiques et techniques ainsi que leurs responsables hi\u00e9rarchiques;<br \/>\n2. les sous-traitants de la soci\u00e9t\u00e9 orderbird GmbH.<\/p>\n<p>Lors de son inscription sur le site, l&#8217;internaute personne physique est inform\u00e9 que les informations recueillies font l&#8217;objet d&#8217;un traitement informatique destin\u00e9 \u00e0 effectuer les op\u00e9rations relatives \u00e0 la gestion des clients concernant: les contrats, les commandes, les factures, la comptabilit\u00e9 et la gestion des comptes clients, la mise en \u0153uvre d&#8217;un programme de fid\u00e9lit\u00e9 au sein de la soci\u00e9t\u00e9, la prospection commerciale, le suivi de la relation client.<\/p>\n<p>La soci\u00e9t\u00e9 orderbird GmbH indique \u00e0 l&#8217;internaute les donn\u00e9es obligatoires pour assurer son service par l&#8217;apposition du signe suivant: &#8221; * &#8221; devant lesdites donn\u00e9es. A d\u00e9faut de r\u00e9ponse de la part de l&#8217;internaute dans les champs mentionn\u00e9s comme obligatoires, ce dernier ne pourra pas s&#8217;inscrire ni b\u00e9n\u00e9ficier des services propos\u00e9s par la soci\u00e9t\u00e9 oderbird GmbH.<\/p>\n","protected":false},"excerpt":{"rendered":"<p>orderbird GmbH Soci\u00e9t\u00e9 allemande \u00e0 responsabilit\u00e9 limit\u00e9e au capital social de 193 963,00 \u20ac Si\u00e8ge social : Ritterstra\u00dfe 12, escalier 3 D-10969 Berlin Allemagne E-Mail :\u00a0bonjour@orderbird.com T\u00e9l\u00e9phone :\u00a0+33 1 76360640\u00a0appel gratuit depuis la France Fax :\u00a0+49 321 214 681 89 Repr\u00e9sentant l\u00e9gal : Mark Schoen, Jakob Schreyer Num\u00e9ro d&#8217;inscription au registre du commerce et des [&hellip;]<\/p>\n","protected":false},"author":109,"featured_media":9252,"parent":0,"menu_order":0,"comment_status":"closed","ping_status":"closed","template":"","meta":{"footnotes":""},"class_list":["post-5476","page","type-page","status-publish","has-post-thumbnail"],"yoast_head":"<!-- This site is optimized with the Yoast SEO plugin v23.8 - https:\/\/yoast.com\/wordpress\/plugins\/seo\/ -->\n<title>Mentions l\u00e9gales - le blog d&#039;orderbird<\/title>\n<meta name=\"description\" content=\"Retrouvez sur cette page les mentions l\u00e9gales de la soci\u00e9t\u00e9 orderbird GmbH.\" \/>\n<meta name=\"robots\" content=\"index, follow, max-snippet:-1, max-image-preview:large, max-video-preview:-1\" \/>\n<link rel=\"canonical\" href=\"https:\/\/www.orderbird.fr\/blog\/mentions-legales\/\" \/>\n<meta property=\"og:locale\" content=\"en_US\" \/>\n<meta property=\"og:type\" content=\"article\" \/>\n<meta property=\"og:title\" content=\"Mentions l\u00e9gales - le blog d&#039;orderbird\" \/>\n<meta property=\"og:description\" content=\"Retrouvez sur cette page les mentions l\u00e9gales de la soci\u00e9t\u00e9 orderbird GmbH.\" \/>\n<meta property=\"og:url\" content=\"https:\/\/www.orderbird.fr\/blog\/mentions-legales\/\" \/>\n<meta property=\"og:site_name\" content=\"orderbird Blog \u2013 Echtes Branchen-Wissen\" \/>\n<meta property=\"article:modified_time\" content=\"2023-04-20T09:30:36+00:00\" \/>\n<meta property=\"og:image\" content=\"https:\/\/www.orderbird.com\/blog\/wp-content\/uploads\/2023\/04\/Blog_Visual_Branchenwissen_DSG-1760_FR.jpg\" \/>\n\t<meta property=\"og:image:width\" content=\"600\" \/>\n\t<meta property=\"og:image:height\" content=\"600\" \/>\n\t<meta property=\"og:image:type\" content=\"image\/jpeg\" \/>\n<meta name=\"twitter:card\" content=\"summary_large_image\" \/>\n<meta name=\"twitter:label1\" content=\"Est. reading time\" \/>\n\t<meta name=\"twitter:data1\" content=\"3 minutes\" \/>\n<script type=\"application\/ld+json\" class=\"yoast-schema-graph\">{\"@context\":\"https:\/\/schema.org\",\"@graph\":[{\"@type\":\"WebPage\",\"@id\":\"https:\/\/www.orderbird.fr\/blog\/mentions-legales\/\",\"url\":\"https:\/\/www.orderbird.fr\/blog\/mentions-legales\/\",\"name\":\"Mentions l\u00e9gales - le blog d'orderbird\",\"isPartOf\":{\"@id\":\"https:\/\/www.orderbird.fr\/blog\/#website\"},\"primaryImageOfPage\":{\"@id\":\"https:\/\/www.orderbird.fr\/blog\/mentions-legales\/#primaryimage\"},\"image\":{\"@id\":\"https:\/\/www.orderbird.fr\/blog\/mentions-legales\/#primaryimage\"},\"thumbnailUrl\":\"https:\/\/www.orderbird.fr\/blog\/wp-content\/uploads\/2023\/04\/Blog_Visual_Branchenwissen_DSG-1760_FR.jpg\",\"datePublished\":\"2018-05-18T12:20:49+00:00\",\"dateModified\":\"2023-04-20T09:30:36+00:00\",\"description\":\"Retrouvez sur cette page les mentions l\u00e9gales de la soci\u00e9t\u00e9 orderbird GmbH.\",\"breadcrumb\":{\"@id\":\"https:\/\/www.orderbird.fr\/blog\/mentions-legales\/#breadcrumb\"},\"inLanguage\":\"en-US\",\"potentialAction\":[{\"@type\":\"ReadAction\",\"target\":[\"https:\/\/www.orderbird.fr\/blog\/mentions-legales\/\"]}]},{\"@type\":\"ImageObject\",\"inLanguage\":\"en-US\",\"@id\":\"https:\/\/www.orderbird.fr\/blog\/mentions-legales\/#primaryimage\",\"url\":\"https:\/\/www.orderbird.fr\/blog\/wp-content\/uploads\/2023\/04\/Blog_Visual_Branchenwissen_DSG-1760_FR.jpg\",\"contentUrl\":\"https:\/\/www.orderbird.fr\/blog\/wp-content\/uploads\/2023\/04\/Blog_Visual_Branchenwissen_DSG-1760_FR.jpg\",\"width\":600,\"height\":600,\"caption\":\"Le blog des restaurateurs orderbird France\"},{\"@type\":\"BreadcrumbList\",\"@id\":\"https:\/\/www.orderbird.fr\/blog\/mentions-legales\/#breadcrumb\",\"itemListElement\":[{\"@type\":\"ListItem\",\"position\":1,\"name\":\"Home\",\"item\":\"https:\/\/www.orderbird.com\/blog\/\"},{\"@type\":\"ListItem\",\"position\":2,\"name\":\"Mentions l\u00e9gales\"}]},{\"@type\":\"WebSite\",\"@id\":\"https:\/\/www.orderbird.fr\/blog\/#website\",\"url\":\"https:\/\/www.orderbird.fr\/blog\/\",\"name\":\"orderbird Blog \u2013 Echtes Branchen-Wissen\",\"description\":\"Der Blog f\u00fcr alle Unternehmer mit Wissen zu Trends, Steuern, Gr\u00fcndung und vielem mehr\",\"publisher\":{\"@id\":\"https:\/\/www.orderbird.fr\/blog\/#organization\"},\"potentialAction\":[{\"@type\":\"SearchAction\",\"target\":{\"@type\":\"EntryPoint\",\"urlTemplate\":\"https:\/\/www.orderbird.fr\/blog\/?s={search_term_string}\"},\"query-input\":{\"@type\":\"PropertyValueSpecification\",\"valueRequired\":true,\"valueName\":\"search_term_string\"}}],\"inLanguage\":\"en-US\"},{\"@type\":\"Organization\",\"@id\":\"https:\/\/www.orderbird.fr\/blog\/#organization\",\"name\":\"orderbird\",\"url\":\"https:\/\/www.orderbird.fr\/blog\/\",\"logo\":{\"@type\":\"ImageObject\",\"inLanguage\":\"en-US\",\"@id\":\"https:\/\/www.orderbird.fr\/blog\/#\/schema\/logo\/image\/\",\"url\":\"https:\/\/www.orderbird.com\/blog\/wp-content\/uploads\/2017\/06\/orderbird_logo_auf_weiss.jpg\",\"contentUrl\":\"https:\/\/www.orderbird.com\/blog\/wp-content\/uploads\/2017\/06\/orderbird_logo_auf_weiss.jpg\",\"width\":2480,\"height\":1417,\"caption\":\"orderbird\"},\"image\":{\"@id\":\"https:\/\/www.orderbird.fr\/blog\/#\/schema\/logo\/image\/\"}}]}<\/script>\n<!-- \/ Yoast SEO plugin. -->","yoast_head_json":{"title":"Mentions l\u00e9gales - le blog d'orderbird","description":"Retrouvez sur cette page les mentions l\u00e9gales de la soci\u00e9t\u00e9 orderbird GmbH.","robots":{"index":"index","follow":"follow","max-snippet":"max-snippet:-1","max-image-preview":"max-image-preview:large","max-video-preview":"max-video-preview:-1"},"canonical":"https:\/\/www.orderbird.fr\/blog\/mentions-legales\/","og_locale":"en_US","og_type":"article","og_title":"Mentions l\u00e9gales - le blog d'orderbird","og_description":"Retrouvez sur cette page les mentions l\u00e9gales de la soci\u00e9t\u00e9 orderbird GmbH.","og_url":"https:\/\/www.orderbird.fr\/blog\/mentions-legales\/","og_site_name":"orderbird Blog \u2013 Echtes Branchen-Wissen","article_modified_time":"2023-04-20T09:30:36+00:00","og_image":[{"width":600,"height":600,"url":"https:\/\/www.orderbird.com\/blog\/wp-content\/uploads\/2023\/04\/Blog_Visual_Branchenwissen_DSG-1760_FR.jpg","type":"image\/jpeg"}],"twitter_card":"summary_large_image","twitter_misc":{"Est. reading time":"3 minutes"},"schema":{"@context":"https:\/\/schema.org","@graph":[{"@type":"WebPage","@id":"https:\/\/www.orderbird.fr\/blog\/mentions-legales\/","url":"https:\/\/www.orderbird.fr\/blog\/mentions-legales\/","name":"Mentions l\u00e9gales - le blog d'orderbird","isPartOf":{"@id":"https:\/\/www.orderbird.fr\/blog\/#website"},"primaryImageOfPage":{"@id":"https:\/\/www.orderbird.fr\/blog\/mentions-legales\/#primaryimage"},"image":{"@id":"https:\/\/www.orderbird.fr\/blog\/mentions-legales\/#primaryimage"},"thumbnailUrl":"https:\/\/www.orderbird.fr\/blog\/wp-content\/uploads\/2023\/04\/Blog_Visual_Branchenwissen_DSG-1760_FR.jpg","datePublished":"2018-05-18T12:20:49+00:00","dateModified":"2023-04-20T09:30:36+00:00","description":"Retrouvez sur cette page les mentions l\u00e9gales de la soci\u00e9t\u00e9 orderbird GmbH.","breadcrumb":{"@id":"https:\/\/www.orderbird.fr\/blog\/mentions-legales\/#breadcrumb"},"inLanguage":"en-US","potentialAction":[{"@type":"ReadAction","target":["https:\/\/www.orderbird.fr\/blog\/mentions-legales\/"]}]},{"@type":"ImageObject","inLanguage":"en-US","@id":"https:\/\/www.orderbird.fr\/blog\/mentions-legales\/#primaryimage","url":"https:\/\/www.orderbird.fr\/blog\/wp-content\/uploads\/2023\/04\/Blog_Visual_Branchenwissen_DSG-1760_FR.jpg","contentUrl":"https:\/\/www.orderbird.fr\/blog\/wp-content\/uploads\/2023\/04\/Blog_Visual_Branchenwissen_DSG-1760_FR.jpg","width":600,"height":600,"caption":"Le blog des restaurateurs orderbird France"},{"@type":"BreadcrumbList","@id":"https:\/\/www.orderbird.fr\/blog\/mentions-legales\/#breadcrumb","itemListElement":[{"@type":"ListItem","position":1,"name":"Home","item":"https:\/\/www.orderbird.com\/blog\/"},{"@type":"ListItem","position":2,"name":"Mentions l\u00e9gales"}]},{"@type":"WebSite","@id":"https:\/\/www.orderbird.fr\/blog\/#website","url":"https:\/\/www.orderbird.fr\/blog\/","name":"orderbird Blog \u2013 Echtes Branchen-Wissen","description":"Der Blog f\u00fcr alle Unternehmer mit Wissen zu Trends, Steuern, Gr\u00fcndung und vielem mehr","publisher":{"@id":"https:\/\/www.orderbird.fr\/blog\/#organization"},"potentialAction":[{"@type":"SearchAction","target":{"@type":"EntryPoint","urlTemplate":"https:\/\/www.orderbird.fr\/blog\/?s={search_term_string}"},"query-input":{"@type":"PropertyValueSpecification","valueRequired":true,"valueName":"search_term_string"}}],"inLanguage":"en-US"},{"@type":"Organization","@id":"https:\/\/www.orderbird.fr\/blog\/#organization","name":"orderbird","url":"https:\/\/www.orderbird.fr\/blog\/","logo":{"@type":"ImageObject","inLanguage":"en-US","@id":"https:\/\/www.orderbird.fr\/blog\/#\/schema\/logo\/image\/","url":"https:\/\/www.orderbird.com\/blog\/wp-content\/uploads\/2017\/06\/orderbird_logo_auf_weiss.jpg","contentUrl":"https:\/\/www.orderbird.com\/blog\/wp-content\/uploads\/2017\/06\/orderbird_logo_auf_weiss.jpg","width":2480,"height":1417,"caption":"orderbird"},"image":{"@id":"https:\/\/www.orderbird.fr\/blog\/#\/schema\/logo\/image\/"}}]}},"_links":{"self":[{"href":"https:\/\/www.orderbird.fr\/blog\/wp-json\/wp\/v2\/pages\/5476"}],"collection":[{"href":"https:\/\/www.orderbird.fr\/blog\/wp-json\/wp\/v2\/pages"}],"about":[{"href":"https:\/\/www.orderbird.fr\/blog\/wp-json\/wp\/v2\/types\/page"}],"author":[{"embeddable":true,"href":"https:\/\/www.orderbird.fr\/blog\/wp-json\/wp\/v2\/users\/109"}],"replies":[{"embeddable":true,"href":"https:\/\/www.orderbird.fr\/blog\/wp-json\/wp\/v2\/comments?post=5476"}],"version-history":[{"count":7,"href":"https:\/\/www.orderbird.fr\/blog\/wp-json\/wp\/v2\/pages\/5476\/revisions"}],"predecessor-version":[{"id":9019,"href":"https:\/\/www.orderbird.fr\/blog\/wp-json\/wp\/v2\/pages\/5476\/revisions\/9019"}],"wp:featuredmedia":[{"embeddable":true,"href":"https:\/\/www.orderbird.fr\/blog\/wp-json\/wp\/v2\/media\/9252"}],"wp:attachment":[{"href":"https:\/\/www.orderbird.fr\/blog\/wp-json\/wp\/v2\/media?parent=5476"}],"curies":[{"name":"wp","href":"https:\/\/api.w.org\/{rel}","templated":true}]}}